{"id":547,"date":"2016-10-23T14:14:34","date_gmt":"2016-10-23T11:14:34","guid":{"rendered":"http:\/\/soylemez.com\/kon314\/"},"modified":"2017-02-26T10:47:52","modified_gmt":"2017-02-26T07:47:52","slug":"kon314","status":"publish","type":"page","link":"http:\/\/soylemez.com\/en\/kon314\/","title":{"rendered":"KON 314 &#8211; Kontrol Sistem Tasar\u0131m\u0131"},"content":{"rendered":"<h2>Ders Hakk\u0131nda<\/h2>\n<table id=\"tablepress-2\" class=\"tablepress tablepress-id-2\">\n<tbody class=\"row-striping row-hover\">\n<tr class=\"row-1\">\n<td class=\"column-1\"><strong>Ders Kodu:<\/strong><\/td>\n<td class=\"column-2\">KON 314<\/td>\n<\/tr>\n<tr class=\"row-2\">\n<td class=\"column-1\"><strong>D\u00f6nem:<\/strong><\/td>\n<td class=\"column-2\">2026 Bahar<\/td>\n<\/tr>\n<tr class=\"row-3\">\n<td class=\"column-1\"><strong>\u00d6\u011fretim \u00dcyesi:<\/strong><\/td>\n<td class=\"column-2\">Prof. Dr. M. Turan S\u00f6ylemez<br \/>\nOda No: 4207, Tel: 212 - 285 35 70\n<\/td>\n<\/tr>\n<tr class=\"row-4\">\n<td class=\"column-1\"><strong>Ders Saatleri:<\/strong><\/td>\n<td class=\"column-2\">Pazartesi (12:30 - 14:30)<br \/>\nPer\u015fembe (15:30-17:30)<\/td>\n<\/tr>\n<tr class=\"row-5\">\n<td class=\"column-1\"><strong>Ders Kitaplar\u0131:<\/strong><\/td>\n<td class=\"column-2\">1) \"Control System Design\", G. C. Goodwin, S. F. Graebe ve M. E. Salgado, 2001, Prentice Hall, New Jersey, ISBN: 0 -13 -958653-9<br \/>\n2) \"Control Systems Engineering\", Norman S. Nise, 2000 (2019 8th ed), John Wiley &amp; Sons, New York, ISBN: 0-471-36601-3.<br \/>\n3) \"Otomatik Kontrol Sistemleri\", B. C. Kuo (\u00e7eviren: Atilla Bir), 1999, Literat\u00fcr Yay\u0131nc\u0131l\u0131k, \u0130stanbul.<br \/>\n4) \"Linear Control System Analysis and Design\", J. J. D'Azzo ve C. H. Houpis, 1995, McGraw Hill, New York<br \/>\n5) \"Advanced Control System Design\", B. Friedland, 1996,Prentice Hall, New Jersey, ISBN: 0-13-0140104<\/td>\n<\/tr>\n<tr class=\"row-6\">\n<td class=\"column-1\"><strong>Not Baremi:<\/strong><\/td>\n<td class=\"column-2\">%1   \u00d6n-test (<strong>12 \u015eubat 2026 Per\u015fembe 15:30<\/strong>)<br \/>\n%20 Ara S\u0131nav (<strong>13 Nisan 2026 Pazartesi 12:30<\/strong>)<br \/>\n%21 \u00d6devler (3 adet)<br \/>\n%18 K\u0131sa S\u0131navlar (3 + 1 adet)<br \/>\n%15 Son-test<br \/>\n%25 Final<\/td>\n<\/tr>\n<tr class=\"row-7\">\n<td class=\"column-1\"><strong>Final Giri\u015f \u015eart\u0131:<\/strong><\/td>\n<td class=\"column-2\">A\u011f\u0131rl\u0131kl\u0131 y\u0131l i\u00e7i ba\u015far\u0131 notu (ara s\u0131nav, k\u0131sa s\u0131navlar ve \u00f6devler) 100 \u00fczerinden en az 25 olmal\u0131.<\/td>\n<\/tr>\n<tr class=\"row-8\">\n<td class=\"column-1\"><strong>Ev Sayfas\u0131:<\/strong><\/td>\n<td class=\"column-2\"><A HREF=\"http:\/\/web.itu.edu.tr\/soylemezm\/kon314 \">http:\/\/web.itu.edu.tr\/soylemezm\/kon314<\/A> <\/td>\n<\/tr>\n<tr class=\"row-9\">\n<td class=\"column-1\"><strong>DOST:<\/strong><\/td>\n<td class=\"column-2\"><A HREF=\"http:\/\/dost.kontrol.itu.edu.tr\">http:\/\/dost.kontrol.itu.edu.tr<\/A><\/td>\n<\/tr>\n<\/tbody>\n<\/table>\n<h2>Ders Plan\u0131<\/h2>\n<table id=\"tablepress-3\" class=\"tablepress tablepress-id-3 tbody-has-connected-cells\">\n<thead>\n<tr class=\"row-1\">\n<th class=\"column-1\">Hafta<\/th>\n<th class=\"column-2\">G\u00fcn<\/th>\n<th class=\"column-3\">Konular<\/th>\n<\/tr>\n<\/thead>\n<tbody class=\"row-striping row-hover\">\n<tr class=\"row-2\">\n<td rowspan=\"2\" class=\"column-1\">1. Hafta<br \/>\n9-13 \u015eubat<\/td>\n<td class=\"column-2\">Pazartesi<\/td>\n<td class=\"column-3\"><strong>G\u0130R\u0130\u015e<\/strong><\/p>\n<li> Motivasyon\n<li> Temel tan\u0131mlar\n<li> \u0130\u015faretler ve sistemler\n<li> Transfer fonksiyonunun anlam\u0131<\/td>\n<\/tr>\n<tr class=\"row-3\">\n<td class=\"column-2\">Per\u015fembe <\/td>\n<td class=\"column-3\">  MATLAB\/MATHEMATICA TANITIM <br \/>\n<strong>\u00d6N-TEST<\/strong><\/td>\n<\/tr>\n<tr class=\"row-4\">\n<td rowspan=\"2\" class=\"column-1\">2. Hafta<br \/>\n16-20 \u015eubat<\/td>\n<td class=\"column-2\">Pazartesi\n<\/td>\n<td class=\"column-3\"><strong>Basit Kontrol Y\u00f6ntemleri ve K Sentezi<\/strong><\/p>\n<li>\tTasar\u0131mdan beklenenler\n<li>\tSistem tersi ile kontrol\n<li>\tY\u00fcksek kazan\u00e7 ile kontrol\n<li>\tA\u00e7-Kapa (BANG-BANG) Kontrol\n<li>\tKutuplar\u0131n sistem cevab\u0131na etkisi\n<li> K\u00f6k e\u011frisi ile tasar\u0131m\n<li>\tBask\u0131n kutup kavram\u0131\n<li>\tK sentezi<\/td>\n<\/tr>\n<tr class=\"row-5\">\n<td class=\"column-2\">Per\u015fembe\n<\/td>\n<td class=\"column-3\"><strong>BAS\u0130T KONTROL Y\u00d6NTEMLER\u0130<\/strong><\/p>\n<li> Control System Toolbox tan\u0131t\u0131m\n<li> Sistem tersi ile kontrole bir \u00f6rnek\n<li> Y\u00fcksek kazan\u00e7 ile kontrole bir \u00f6rnek\n<li> K sentezi \u00f6rnekleri\n<\/td>\n<\/tr>\n<tr class=\"row-6\">\n<td rowspan=\"2\" class=\"column-1\">3. Hafta<br \/>\n23 - 27 \u015eubat<\/td>\n<td class=\"column-2\">Pazartesi<\/td>\n<td class=\"column-3\"><strong>Faz Gerilemeli Kontrol\u00f6r Tasar\u0131m\u0131<\/strong><\/p>\n<li>\tFaz gerilemeli kontrol\u00f6r tan\u0131m\u0131\n<li>\tFaz gerilemeli kontrol\u00f6r kullanarak tasar\u0131m\n<li>\tPI kontrol\u00f6r\n<li>\tS\u00fcrekli hal yan\u0131t\u0131n\u0131n iyile\u015ftirilmesi\n<li>\tFaz gerilemeli kontrol\u00f6rlerin ger\u00e7eklenmesi<br \/>\n<strong>Faz \u0130lerlemeli Kontrol\u00f6r Tasar\u0131m\u0131<\/strong><\/p>\n<li>\tFaz ilerlemeli kontrol\u00f6r tan\u0131m\u0131\n<li>\tFaz ilerlemeli kontrol\u00f6r kullanarak tasar\u0131m\n<li>\tPD kontrol\u00f6r\n<li>\tGe\u00e7ici hal yan\u0131t\u0131n\u0131n iyile\u015ftirilmesi\n<li>\tFaz ilerlemeli kontrol\u00f6rlerin ger\u00e7eklenmesi\n<\/td>\n<\/tr>\n<tr class=\"row-7\">\n<td class=\"column-2\">Per\u015fembe\n<\/td>\n<td class=\"column-3\"><strong>Faz Gerilemeli\/\u0130lerlemeli Kontrol\u00f6r Tasar\u0131m\u0131<\/strong><\/p>\n<li> Tasar\u0131m \u00f6rnekleri\n<li> Kontrol\u00f6r parametrelerinin cebrik olarak hesaplanmas\u0131<\/td>\n<\/tr>\n<tr class=\"row-8\">\n<td rowspan=\"2\" class=\"column-1\">4. Hafta<br \/>\n2-6 Mart<\/td>\n<td class=\"column-2\">Pazartesi<\/td>\n<td class=\"column-3\"><strong>2. ve daha y\u00fcksek dereceden kontrol\u00f6r tasar\u0131m y\u00f6ntemleri<\/strong><\/p>\n<li>\tFaz ilerlemeli-gerilemeli kontrol\n<li>\tNotch Filtreleri\n<li>\tModel e\u015fleme<br \/>\n<strong>PID Kontrol\u00f6r Tasar\u0131m\u0131<\/strong><\/p>\n<li>\tNeden PID?\n<li>\tKaskad tasar\u0131m\n<li>\tKlasik PID kontrol\u00f6r tasar\u0131m\u0131\n<li>\tZiegler-Nichols y\u00f6ntemi\n<li>\tCohen-Coon y\u00f6ntemi\n<li>\tPID kontrol\u00f6r tasar\u0131m\u0131nda yeni a\u00e7\u0131l\u0131mlar<\/td>\n<\/tr>\n<tr class=\"row-9\">\n<td class=\"column-2\">Per\u015fembe\n<\/td>\n<td class=\"column-3\"><strong>PID Kontrol Teknikleri<\/strong><\/p>\n<li> Tasar\u0131m \u00f6rnekleri<\/td>\n<\/tr>\n<tr class=\"row-10\">\n<td rowspan=\"2\" class=\"column-1\">5. Hafta<br \/>\n9-13 Mart<\/td>\n<td class=\"column-2\">Pazartesi<\/td>\n<td class=\"column-3\"><strong>Kutup Atama ile Kontrol\u00f6r Tasar\u0131m\u0131<\/strong><\/p>\n<li>\tPolinom yakla\u015f\u0131m\u0131 ile kutup atama\n<li>\tKutup atama ile PID kontrol\u00f6r tasar\u0131m\u0131\n<li>\tBask\u0131n kutup atama y\u00f6ntemleri<br \/>\n<strong>\u00c7\u0131k\u0131\u015ftan geribesleme ile kutup atama<\/strong><\/p>\n<li> Kutup atama teoremi\n<li> Katsay\u0131 e\u015fitleme ile kutup atama\n<li> Tasar\u0131m \u00f6rnekleri\n<\/td>\n<\/tr>\n<tr class=\"row-11\">\n<td class=\"column-2\">Per\u015fembe\n<\/td>\n<td class=\"column-3\"><strong>Kutup atama<\/strong><\/p>\n<li> Tasar\u0131m \u00f6rnekleri\n<li> Yeti\u015ftirilemeyen derslerin tamamlanmas\u0131 ve uygulamalar<\/td>\n<\/tr>\n<tr class=\"row-12\">\n<td rowspan=\"2\" class=\"column-1\">6. Hafta<br \/>\n16-20 Mart<\/td>\n<td class=\"column-2\">Pazartesi<\/td>\n<td class=\"column-3\">ARA TAT\u0130L<\/td>\n<\/tr>\n<tr class=\"row-13\">\n<td class=\"column-2\">Per\u015fembe\n<\/td>\n<td class=\"column-3\">ARA TAT\u0130L<\/td>\n<\/tr>\n<tr class=\"row-14\">\n<td rowspan=\"2\" class=\"column-1\">7. Hafta<br \/>\n23-27 Mart<\/td>\n<td class=\"column-2\">Pazartesi<\/td>\n<td class=\"column-3\"><strong>Kutup S\u0131f\u0131r G\u00f6t\u00fcrme ve Model E\u015fleme<\/strong><\/p>\n<li>\tKutup s\u0131f\u0131r g\u00f6t\u00fcrme ile kontrol\n<li>\tNotch filtresi\n<li>\tModel e\u015fleme y\u00f6ntemi<\/td>\n<\/tr>\n<tr class=\"row-15\">\n<td class=\"column-2\">Per\u015fembe\n<\/td>\n<td class=\"column-3\"><strong>Kutup S\u0131f\u0131r G\u00f6t\u00fcrme ve Model E\u015fleme<\/strong><\/p>\n<li> Tasar\u0131m \u00f6rnekleri<\/td>\n<\/tr>\n<tr class=\"row-16\">\n<td rowspan=\"2\" class=\"column-1\">8. Hafta<br \/>\n30 Mart - 3 Nisan<\/td>\n<td class=\"column-2\">Pazartesi<\/td>\n<td class=\"column-3\"><strong>SISO sistemlerin kontrol\u00fcnde temel k\u0131s\u0131tlamalar<\/strong><\/p>\n<li>\tYap\u0131sal k\u0131s\u0131tlamalar\n<li>\tK\u00f6klerin hasasl\u0131\u011f\u0131\n<li>\tSa\u011f taraftaki ve orijine yak\u0131n s\u0131f\u0131rlar<br \/>\n<strong>Integrat\u00f6r Sarmas\u0131 ve Sarmas\u0131z Kontrol<\/strong><\/p>\n<li>\tIntegrator wind-up (integrat\u00f6r sarmas\u0131)\n<li>\tSarmas\u0131z kontrol teknikleri\n<li>\tYeti\u015fme h\u0131z\u0131n\u0131n (slew-rate) s\u0131n\u0131rland\u0131r\u0131lmas\u0131\n<\/td>\n<\/tr>\n<tr class=\"row-17\">\n<td class=\"column-2\">Per\u015fembe\n<\/td>\n<td class=\"column-3\"><strong>SISO sistemlerin kontrol\u00fcnde temel k\u0131s\u0131tlamalar<\/strong><\/p>\n<li>\tSarmas\u0131z kontrol \u00f6rnekleri\n<li>Simulink uygulamalar\u0131<\/td>\n<\/tr>\n<tr class=\"row-18\">\n<td rowspan=\"2\" class=\"column-1\">9. Hafta<br \/>\n6-10 Nisan<\/td>\n<td class=\"column-2\">Pazartesi<\/td>\n<td class=\"column-3\"><strong>De\u011fi\u015fik Kontrol Yap\u0131lar\u0131 ve PID Kontrol\u00f6r T\u00fcrevleri<\/strong><\/p>\n<li>\tGeri Besleme ile Kontrol\n<li>\tPV Kontrol\n<li>\tPI-PD kontrol\n<li>\t2 Serbestlik Dereceli Kontrol<\/td>\n<\/tr>\n<tr class=\"row-19\">\n<td class=\"column-2\">Per\u015fembe\n<\/td>\n<td class=\"column-3\"><strong>\u0130ki serbestlik dereceli<\/strong><\/p>\n<li> PV Kontrol \u00f6rnekleri\n<li> PI-PD Kontrol ve \u00e7ok serbestlik dereceli kontrol\u00f6r tasar\u0131m\u0131<\/td>\n<\/tr>\n<tr class=\"row-20\">\n<td rowspan=\"2\" class=\"column-1\">10. Hafta<br \/>\n13-17 Nisan<\/td>\n<td class=\"column-2\">Pazartesi<\/td>\n<td class=\"column-3\"><strong>ARA SINAV<\/strong><\/td>\n<\/tr>\n<tr class=\"row-21\">\n<td class=\"column-2\">Per\u015fembe\n<\/td>\n<td class=\"column-3\">\n<li>\tTasar\u0131m \u00f6rnekleri<\/td>\n<\/tr>\n<tr class=\"row-22\">\n<td rowspan=\"2\" class=\"column-1\">11. Hafta<br \/>\n20-24 Nisan<\/td>\n<td class=\"column-2\">Pazartesi<\/td>\n<td class=\"column-3\"><strong>Frekans Tan\u0131m B\u00f6lgesi Y\u00f6ntemleri<\/strong><\/p>\n<li>\tFrekans yan\u0131t\u0131 ile K sentezi\n<li>\tFaz gerilemeli kontrol\u00f6r tasar\u0131m\u0131<br \/>\n<strong>Frekans Tan\u0131m B\u00f6lgesi Y\u00f6ntemleri<\/strong><\/p>\n<li>\tFaz ilerlemeli kontrol\u00f6r tasar\u0131m\u0131\n<li>\tFaz gerilemeli-ilerlemeli kontrol\u00f6r tasar\u0131m\u0131<\/td>\n<\/tr>\n<tr class=\"row-23\">\n<td class=\"column-2\">Per\u015fembe\n<\/td>\n<td class=\"column-3\">RESM\u0130 TAT\u0130L<\/td>\n<\/tr>\n<tr class=\"row-24\">\n<td rowspan=\"2\" class=\"column-1\">12. Hafta<br \/>\n27 Nisan - 1 May\u0131s<\/td>\n<td class=\"column-2\">Pazartesi<\/td>\n<td class=\"column-3\"><strong>Zaman Gecikmeli Sistemlerin Kontrol\u00fc<\/strong><\/p>\n<li>\tSmith \u00f6ng\u00f6r\u00fcc\u00fcs\u00fc (predictor)\n<li>\tPade yakla\u015f\u0131m\u0131 ile kontrol\u00f6r tasar\u0131m\u0131\n<li>\tFrekans tan\u0131m b\u00f6lgesi yakla\u015f\u0131mlar\u0131\n<\/td>\n<\/tr>\n<tr class=\"row-25\">\n<td class=\"column-2\">Per\u015fembe<\/p>\n<\/td>\n<td class=\"column-3\">Tasar\u0131m \u00f6rnekleri<\/td>\n<\/tr>\n<tr class=\"row-26\">\n<td rowspan=\"2\" class=\"column-1\">13. Hafta<br \/>\n4-8 May\u0131s<\/td>\n<td class=\"column-2\">Pazartesi<\/td>\n<td class=\"column-3\"><strong>\u0130\u00e7 Model Kontrol (Internal Model Control)<\/strong><\/td>\n<\/tr>\n<tr class=\"row-27\">\n<td class=\"column-2\">Per\u015fembe\n<\/td>\n<td class=\"column-3\"><strong>\u0130\u00e7 Model Kontrol<\/strong><\/p>\n<li>\tTasar\u0131m \u00f6rnekleri\n<\/td>\n<\/tr>\n<tr class=\"row-28\">\n<td rowspan=\"2\" class=\"column-1\">14. Hafta<br \/>\n11-15 May\u0131s<\/td>\n<td class=\"column-2\">Pazartesi<\/td>\n<td class=\"column-3\"><strong>Kontrol\u00f6r Tasar\u0131m\u0131nda Durum Uzay\u0131 Y\u00f6ntemleri<\/strong><\/p>\n<li>\tKontrol edilebilir standard form ve durum geri beslemesi ile kutup atama\n<li>\tAckerman formul\u00fc\n<li>\tG\u00f6zleyici tasar\u0131m\u0131<\/td>\n<\/tr>\n<tr class=\"row-29\">\n<td class=\"column-2\">Per\u015fembe<\/p>\n<\/td>\n<td class=\"column-3\"><strong>Kontrol\u00f6r Tasar\u0131m\u0131nda Durum Uzay\u0131 Y\u00f6ntemleri<\/strong><\/p>\n<li>\tTasar\u0131m \u00f6rnekleri<\/td>\n<\/tr>\n<tr class=\"row-30\">\n<td rowspan=\"2\" class=\"column-1\">15. Hafta<br \/>\n18-22 May\u0131s<\/td>\n<td class=\"column-2\">Pazartesi<\/td>\n<td class=\"column-3\"><strong>\u00c7ok giri\u015f \u00e7ok \u00e7\u0131k\u0131\u015fl\u0131 kontrol sistemlerin analiz ve tasar\u0131m\u0131: dekuplaj ve g\u00f6receli kazan\u00e7 matrisi kullan\u0131m\u0131.<\/strong><\/td>\n<\/tr>\n<tr class=\"row-31\">\n<td class=\"column-2\">Per\u015fembe\n<\/td>\n<td class=\"column-3\">\u00c7G\u00c7\u00c7 Sistemlerin Tasar\u0131m\u0131na Y\u00f6nelik Uygulamalar.<\/td>\n<\/tr>\n<\/tbody>\n<\/table>\n","protected":false},"excerpt":{"rendered":"<p>Ders Hakk\u0131nda Ders Plan\u0131<\/p>\n","protected":false},"author":1,"featured_media":0,"parent":0,"menu_order":0,"comment_status":"closed","ping_status":"closed","template":"","meta":{"footnotes":""},"class_list":["post-547","page","type-page","status-publish","hentry"],"acf":[],"aioseo_notices":[],"_links":{"self":[{"href":"http:\/\/soylemez.com\/en\/wp-json\/wp\/v2\/pages\/547","targetHints":{"allow":["GET"]}}],"collection":[{"href":"http:\/\/soylemez.com\/en\/wp-json\/wp\/v2\/pages"}],"about":[{"href":"http:\/\/soylemez.com\/en\/wp-json\/wp\/v2\/types\/page"}],"author":[{"embeddable":true,"href":"http:\/\/soylemez.com\/en\/wp-json\/wp\/v2\/users\/1"}],"replies":[{"embeddable":true,"href":"http:\/\/soylemez.com\/en\/wp-json\/wp\/v2\/comments?post=547"}],"version-history":[{"count":1,"href":"http:\/\/soylemez.com\/en\/wp-json\/wp\/v2\/pages\/547\/revisions"}],"predecessor-version":[{"id":570,"href":"http:\/\/soylemez.com\/en\/wp-json\/wp\/v2\/pages\/547\/revisions\/570"}],"wp:attachment":[{"href":"http:\/\/soylemez.com\/en\/wp-json\/wp\/v2\/media?parent=547"}],"curies":[{"name":"wp","href":"https:\/\/api.w.org\/{rel}","templated":true}]}}