{"id":639,"date":"2016-10-23T10:14:36","date_gmt":"2016-10-23T07:14:36","guid":{"rendered":"http:\/\/soylemez.com\/projeler\/"},"modified":"2017-02-26T23:15:18","modified_gmt":"2017-02-26T20:15:18","slug":"projeler","status":"publish","type":"page","link":"http:\/\/soylemez.com\/en\/projeler\/","title":{"rendered":"Projects and Consultancies"},"content":{"rendered":"<p>[vc_row][vc_column]<\/p>\n<ul class=\"ul-withdetails \">\n<li class=\"no-details\">\n<div class=\"wrap\">\n<div class=\"image\" style=\"background-image:url(http:\/\/soylemez.com\/wp-content\/uploads\/2016\/10\/T\u00dcB\u0130TAK-Logo-1.jpg);\">\n<div class=\"imageoverlay\"><i class=\"fa fa-search\"><\/i><\/div>\n<\/div>\n<div class=\"meta\">\n<h3>RAYLI S\u0130STEM ARA\u00c7LARININ ELEKTR\u0130K TAHR\u0130K S\u0130STEMLER\u0130N\u0130N DAYANIKLI KONTROL\u00dc<\/h3>\n<p>2016-2018 T\u00dcB\u0130TAK \u0130kili \u0130\u015fbirli\u011fi Program\u0131 - Beyaz Rusya<\/p>\n<\/div>\n<\/div>\n<\/li>\n<li class=\"\">\n<div class=\"wrap\">\n<div class=\"image\" style=\"background-image:url(http:\/\/soylemez.com\/wp-content\/uploads\/2016\/10\/ARI3-Bina-1024x518.png);\">\n<div class=\"imageoverlay\"><i class=\"fa fa-search\"><\/i><\/div>\n<\/div>\n<div class=\"meta\">\n<h3> IDIS Demiryolu \u0130zleme ve Sinyalizasyon Projesi<\/h3>\n<p>2013-2016 ITU Teknokent Projesi<\/p>\n<\/div>\n<\/div>\n<div class=\"details\">\n<p>\u0130T\u00dc Teknokentte kurulu bulunan Yap\u0131 Merkezi \u0130D\u0130S firmas\u0131n\u0131n y\u00fcr\u00fctmekte oldu\u011fu demiryolu sinyalizasyon projesine dan\u0131\u015fman olarak destek verilmi\u015ftir.<\/p>\n<\/p><\/div>\n<\/li>\n<li class=\"no-details\">\n<div class=\"wrap\">\n<div class=\"image\" style=\"background-image:url(http:\/\/soylemez.com\/wp-content\/uploads\/2016\/10\/ansaldo_sts-1.jpg);\">\n<div class=\"imageoverlay\"><i class=\"fa fa-search\"><\/i><\/div>\n<\/div>\n<div class=\"meta\">\n<h3>Ankara M1 Hatt\u0131nda Negatif D\u00f6n\u00fc\u015f Kablolar\u0131n\u0131n Bir Raya Ba\u011flanmas\u0131n\u0131n De\u011ferlendirilmesi<\/h3>\n<p>2013-2014 ANSALDO STS<\/p>\n<\/div>\n<\/div>\n<\/li>\n<li class=\"\">\n<div class=\"wrap\">\n<div class=\"image\" style=\"background-image:url(http:\/\/soylemez.com\/wp-content\/uploads\/2016\/10\/marmaray-1024x683.jpg);\">\n<div class=\"imageoverlay\"><i class=\"fa fa-search\"><\/i><\/div>\n<\/div>\n<div class=\"meta\">\n<h3> MARMARAY Projesi Akademik Dan\u0131\u015fman\u0131<\/h3>\n<p>2014-2015 TCDD<\/p>\n<\/div>\n<\/div>\n<div class=\"details\">\n<p>Marmaray projesi elektromekanik i\u015flerine y\u00f6nelik akademik dan\u0131\u015fmanl\u0131k.<\/p>\n<\/p><\/div>\n<\/li>\n<li class=\"\">\n<div class=\"wrap\">\n<div class=\"image\" style=\"background-image:url(http:\/\/soylemez.com\/wp-content\/uploads\/2016\/10\/tcdd.jpg);\">\n<div class=\"imageoverlay\"><i class=\"fa fa-search\"><\/i><\/div>\n<\/div>\n<div class=\"meta\">\n<h3>Yeni Hatlar\u0131n Cer G\u00fcc\u00fc Sistemi i\u00e7in Akademik Dan\u0131\u015fman<\/h3>\n<p>2013-2014 TCDD<\/p>\n<\/div>\n<\/div>\n<div class=\"details\">\n<p>TCDD&#8217;de yenilenmekte olan hat kesimlerinin cer g\u00fcc\u00fc sistemlerinin yeterlili\u011finin belirlenmesine y\u00f6nelik dan\u0131\u015fmanl\u0131k.<\/p>\n<\/p><\/div>\n<\/li>\n<li class=\"\">\n<div class=\"wrap\">\n<div class=\"image\" style=\"background-image:url(http:\/\/soylemez.com\/wp-content\/uploads\/2016\/10\/IMG_0100-1024x768.jpg);\">\n<div class=\"imageoverlay\"><i class=\"fa fa-search\"><\/i><\/div>\n<\/div>\n<div class=\"meta\">\n<h3>Ulusal Demiryolu Sinyalizasyon Projesi<\/h3>\n<p>2009-2012 T\u00dcB\u0130TAK KAMAG 1007 Projesi<\/p>\n<\/div>\n<\/div>\n<div class=\"details\">\n<p>\u0130T\u00dc ve T\u00dcB\u0130TAK-B\u0130LGEM ortakl\u0131\u011f\u0131nda y\u00fcr\u00fct\u00fclen bu projede sabit bloklu bir sinyalizasyon sistemine y\u00f6nelik ankla\u015fman ve kumanda merkezi geli\u015ftirilmi\u015f ve Adapazar\u0131 Mithatpa\u015fa \u0130stasyonuna prototip kurulum ger\u00e7ekle\u015ftirilmi\u015ftir.<\/p>\n<\/p><\/div>\n<\/li>\n<li class=\"\">\n<div class=\"wrap\">\n<div class=\"image\" style=\"background-image:url(http:\/\/soylemez.com\/wp-content\/uploads\/2016\/10\/pc_logo_header_mitsubishielectric-1.png);\">\n<div class=\"imageoverlay\"><i class=\"fa fa-search\"><\/i><\/div>\n<\/div>\n<div class=\"meta\">\n<h3> MARMARAY Projesi SIMS Sistemi D\u0131\u015f G\u00fcvenlik De\u011ferlendiricisi<\/h3>\n<p>2012-2013 Mitsubishi Elektrik<\/p>\n<\/div>\n<\/div>\n<div class=\"details\">\n<p>Marmaray BC1 projesinin t\u00fcm elektromekanik sistemleri SIMS (Station Information Management System) ad\u0131 verilen SCADA sistemi taraf\u0131ndan kontrol edilerek izlenmektedir. Bu alt sistemler aras\u0131nda t\u00fcnel ve istasyon havaland\u0131rma, g\u00fc\u00e7 da\u011f\u0131t\u0131m sistemleri, ayd\u0131nlatma, sel kapaklar\u0131, yang\u0131n alg\u0131lama ve s\u00f6nd\u00fcrme sistemleri yer almaktad\u0131r.<\/p>\n<\/p><\/div>\n<\/li>\n<li class=\"no-details\">\n<div class=\"wrap\">\n<div class=\"image\" style=\"background-image:url(http:\/\/soylemez.com\/wp-content\/uploads\/2016\/10\/alarko-1.png);\">\n<div class=\"imageoverlay\"><i class=\"fa fa-search\"><\/i><\/div>\n<\/div>\n<div class=\"meta\">\n<h3> Ankara M1, M2 M3 Metro Hatlar\u0131 Cer G\u00fcc\u00fc Sim\u00fclasyonu<\/h3>\n<p>2012-2013 Atilla Makine - Alarko<\/p>\n<\/div>\n<\/div>\n<\/li>\n<li class=\"no-details\">\n<div class=\"wrap\">\n<div class=\"image\" style=\"background-image:url(http:\/\/soylemez.com\/wp-content\/uploads\/2016\/10\/BurulasLogo-2.jpg);\">\n<div class=\"imageoverlay\"><i class=\"fa fa-search\"><\/i><\/div>\n<\/div>\n<div class=\"meta\">\n<h3>Bursa T1 Tramvay Hatt\u0131 Cer G\u00fcc\u00fc Sim\u00fclasyonu<\/h3>\n<p>2012 Burula\u015f<\/p>\n<\/div>\n<\/div>\n<\/li>\n<li class=\"no-details\">\n<div class=\"wrap\">\n<div class=\"image\" style=\"background-image:url(http:\/\/soylemez.com\/wp-content\/uploads\/2016\/10\/ansaldo_sts-1.jpg);\">\n<div class=\"imageoverlay\"><i class=\"fa fa-search\"><\/i><\/div>\n<\/div>\n<div class=\"meta\">\n<h3>Ankara M1 Hatt\u0131 Ray Paralelleme Ba\u011flant\u0131lar\u0131n\u0131n De\u011ferlendirilmesi<\/h3>\n<p>2011 Ansaldo STS<\/p>\n<\/div>\n<\/div>\n<\/li>\n<li class=\"no-details\">\n<div class=\"wrap\">\n<div class=\"image\" style=\"background-image:url(http:\/\/soylemez.com\/wp-content\/uploads\/2016\/10\/BurulasLogo-2.jpg);\">\n<div class=\"imageoverlay\"><i class=\"fa fa-search\"><\/i><\/div>\n<\/div>\n<div class=\"meta\">\n<h3> Bursa Nostaljik Tramvay Hatt\u0131 Cer G\u00fcc\u00fc Sim\u00fclasyonu<\/h3>\n<p>2011 Burula\u015f<\/p>\n<\/div>\n<\/div>\n<\/li>\n<li class=\"no-details\">\n<div class=\"wrap\">\n<div class=\"image\" style=\"background-image:url(http:\/\/soylemez.com\/wp-content\/uploads\/2016\/10\/Metro\u0130zmir.png);\">\n<div class=\"imageoverlay\"><i class=\"fa fa-search\"><\/i><\/div>\n<\/div>\n<div class=\"meta\">\n<h3>\u0130zmir Metro Hatt\u0131n\u0131n Uzat\u0131lmas\u0131na \u0130li\u015fkin Cer G\u00fcc\u00fc Sim\u00fclasyonu<\/h3>\n<p>2010 \u00d6zta\u015f<\/p>\n<\/div>\n<\/div>\n<\/li>\n<li class=\"no-details\">\n<div class=\"wrap\">\n<div class=\"image\" style=\"background-image:url(http:\/\/soylemez.com\/wp-content\/uploads\/2016\/10\/Avrasya-Metro-Grubu-Logo.jpg);\">\n<div class=\"imageoverlay\"><i class=\"fa fa-search\"><\/i><\/div>\n<\/div>\n<div class=\"meta\">\n<h3> Kad\u0131k\u00f6y-Kartal Metro Hatt\u0131 i\u00e7in En \u0130yi S\u00fcz\u00fclme Noktalar\u0131n\u0131n Hesap Edilmesi ve Cer G\u00fcc\u00fc Sim\u00fclasyonu<\/h3>\n<p>2009 Avrasya Metro Grubu<\/p>\n<\/div>\n<\/div>\n<\/li>\n<li class=\"no-details\">\n<div class=\"wrap\">\n<div class=\"image\" style=\"background-image:url(http:\/\/soylemez.com\/wp-content\/uploads\/2016\/10\/gaziantep-tramvay.jpg);\">\n<div class=\"imageoverlay\"><i class=\"fa fa-search\"><\/i><\/div>\n<\/div>\n<div class=\"meta\">\n<h3>Gaziantep Tramvay Hatt\u0131 Cer G\u00fcc\u00fc Sim\u00fclasyonu<\/h3>\n<p>2009 E+M<\/p>\n<\/div>\n<\/div>\n<\/li>\n<li class=\"no-details\">\n<div class=\"wrap\">\n<div class=\"image\" style=\"background-image:url(http:\/\/soylemez.com\/wp-content\/uploads\/2016\/10\/Metro\u0130zmir.png);\">\n<div class=\"imageoverlay\"><i class=\"fa fa-search\"><\/i><\/div>\n<\/div>\n<div class=\"meta\">\n<h3>\u0130zmir Metro Hatt\u0131 Cer G\u00fcc\u00fc Sim\u00fclasyonu<\/h3>\n<p>2008 Bat\u0131ray<\/p>\n<\/div>\n<\/div>\n<\/li>\n<li class=\"no-details\">\n<div class=\"wrap\">\n<div class=\"image\" style=\"background-image:url(http:\/\/soylemez.com\/wp-content\/uploads\/2016\/10\/IstanbulUla\u015f\u0131m.jpg);\">\n<div class=\"imageoverlay\"><i class=\"fa fa-search\"><\/i><\/div>\n<\/div>\n<div class=\"meta\">\n<h3> Otogar-Kirazl\u0131 Metro Hatt\u0131 Cer G\u00fcc\u00fc Sim\u00fclasyonu<\/h3>\n<p>2008 E+M<\/p>\n<\/div>\n<\/div>\n<\/li>\n<li class=\"no-details\">\n<div class=\"wrap\">\n<div class=\"image\" style=\"background-image:url(http:\/\/soylemez.com\/wp-content\/uploads\/2016\/10\/IstanbulUla\u015f\u0131m.jpg);\">\n<div class=\"imageoverlay\"><i class=\"fa fa-search\"><\/i><\/div>\n<\/div>\n<div class=\"meta\">\n<h3>Sultan\u00e7iftli\u011fi-Topkap\u0131 Tramvay Hatt\u0131 Cer G\u00fcc\u00fc Sim\u00fclasyonu<\/h3>\n<p>2007 E+M<\/p>\n<\/div>\n<\/div>\n<\/li>\n<li class=\"no-details\">\n<div class=\"wrap\">\n<div class=\"image\" style=\"background-image:url(http:\/\/soylemez.com\/wp-content\/uploads\/2016\/10\/IstanbulUla\u015f\u0131m.jpg);\">\n<div class=\"imageoverlay\"><i class=\"fa fa-search\"><\/i><\/div>\n<\/div>\n<div class=\"meta\">\n<h3>Kirazl\u0131 1-Olimpiyat K\u00f6y-Ba\u015fak \u015eehir 4 Metro Hatt\u0131 Cer G\u00fcc\u00fc Sim\u00fclasyonu<\/h3>\n<p>2007-2008 E+M<\/p>\n<\/div>\n<\/div>\n<\/li>\n<li class=\"no-details\">\n<div class=\"wrap\">\n<div class=\"image\" style=\"background-image:url(http:\/\/soylemez.com\/wp-content\/uploads\/2016\/10\/IstanbulUla\u015f\u0131m.jpg);\">\n<div class=\"imageoverlay\"><i class=\"fa fa-search\"><\/i><\/div>\n<\/div>\n<div class=\"meta\">\n<h3> Akademik Dan\u0131\u015fman<\/h3>\n<p>2006 \u0130stanbul Ula\u015f\u0131m A\u015e<\/p>\n<\/div>\n<\/div>\n<\/li>\n<li class=\"no-details\">\n<div class=\"wrap\">\n<div class=\"image\" style=\"background-image:url(http:\/\/soylemez.com\/wp-content\/uploads\/2016\/10\/ipragaz.gif);\">\n<div class=\"imageoverlay\"><i class=\"fa fa-search\"><\/i><\/div>\n<\/div>\n<div class=\"meta\">\n<h3>Afet ve Acil Durum Y\u00f6netimi Dan\u0131\u015fman ve E\u011fitmeni<\/h3>\n<p>2005 \u0130PRAGAZ<\/p>\n<\/div>\n<\/div>\n<\/li>\n<li class=\"no-details\">\n<div class=\"wrap\">\n<div class=\"image\" style=\"background-image:url(http:\/\/soylemez.com\/wp-content\/uploads\/2016\/10\/dost.png);\">\n<div class=\"imageoverlay\"><i class=\"fa fa-search\"><\/i><\/div>\n<\/div>\n<div class=\"meta\">\n<h3> Kontrol M\u00fchendisli\u011fi Program\u0131 E\u011fitim Kalitesini Art\u0131rmaya Y\u00f6nelik Otomasyon Projesi<\/h3>\n<p>2005 \u0130T\u00dc BAP<\/p>\n<\/div>\n<\/div>\n<\/li>\n<li class=\"no-details\">\n<div class=\"wrap\">\n<div class=\"image\" style=\"background-image:url(http:\/\/soylemez.com\/wp-content\/uploads\/2016\/10\/IstanbulUla\u015f\u0131m.jpg);\">\n<div class=\"imageoverlay\"><i class=\"fa fa-search\"><\/i><\/div>\n<\/div>\n<div class=\"meta\">\n<h3> Emin\u00f6n\u00fc-Zeytinburnu Cadde Tramvay\u0131 Cer G\u00fcc\u00fc Sim\u00fclasyonu<\/h3>\n<p>2004 \u0130T\u00dc Geli\u015ftirme Vakf\u0131<\/p>\n<\/div>\n<\/div>\n<\/li>\n<li class=\"no-details\">\n<div class=\"wrap\">\n<div class=\"image\" style=\"background-image:url(http:\/\/soylemez.com\/wp-content\/uploads\/2016\/10\/IstanbulUla\u015f\u0131m.jpg);\">\n<div class=\"imageoverlay\"><i class=\"fa fa-search\"><\/i><\/div>\n<\/div>\n<div class=\"meta\">\n<h3>\u00dcsk\u00fcdar-\u00dcmraniye Metro Hatt\u0131 Cer G\u00fcc\u00fc Sim\u00fclasyonu<\/h3>\n<p>2004 \u0130T\u00dc Geli\u015ftirme Vakf\u0131<\/p>\n<\/div>\n<\/div>\n<\/li>\n<li class=\"\">\n<div class=\"wrap\">\n<div class=\"image\" style=\"background-image:url(http:\/\/soylemez.com\/wp-content\/uploads\/2016\/10\/disaster_management_cycle.png);\">\n<div class=\"imageoverlay\"><i class=\"fa fa-search\"><\/i><\/div>\n<\/div>\n<div class=\"meta\">\n<h3>Afete Haz\u0131rl\u0131kl\u0131 Toplumlar\u0131n \u0130ncelenmesi<\/h3>\n<p>2002 \u0130T\u00dc BAP<\/p>\n<\/div>\n<\/div>\n<div class=\"details\">\n<p>This could be a full decription about the project<\/p>\n<\/p><\/div>\n<\/li>\n<\/ul>\n<p>[\/vc_column][\/vc_row]<\/p>\n","protected":false},"excerpt":{"rendered":"<p>[vc_row][vc_column][\/vc_column][\/vc_row]<\/p>\n","protected":false},"author":1,"featured_media":0,"parent":0,"menu_order":0,"comment_status":"closed","ping_status":"closed","template":"","meta":{"footnotes":""},"class_list":["post-639","page","type-page","status-publish","hentry"],"acf":[],"aioseo_notices":[],"_links":{"self":[{"href":"http:\/\/soylemez.com\/en\/wp-json\/wp\/v2\/pages\/639","targetHints":{"allow":["GET"]}}],"collection":[{"href":"http:\/\/soylemez.com\/en\/wp-json\/wp\/v2\/pages"}],"about":[{"href":"http:\/\/soylemez.com\/en\/wp-json\/wp\/v2\/types\/page"}],"author":[{"embeddable":true,"href":"http:\/\/soylemez.com\/en\/wp-json\/wp\/v2\/users\/1"}],"replies":[{"embeddable":true,"href":"http:\/\/soylemez.com\/en\/wp-json\/wp\/v2\/comments?post=639"}],"version-history":[{"count":3,"href":"http:\/\/soylemez.com\/en\/wp-json\/wp\/v2\/pages\/639\/revisions"}],"predecessor-version":[{"id":662,"href":"http:\/\/soylemez.com\/en\/wp-json\/wp\/v2\/pages\/639\/revisions\/662"}],"wp:attachment":[{"href":"http:\/\/soylemez.com\/en\/wp-json\/wp\/v2\/media?parent=639"}],"curies":[{"name":"wp","href":"https:\/\/api.w.org\/{rel}","templated":true}]}}