{"id":657,"date":"2016-10-23T10:16:29","date_gmt":"2016-10-23T07:16:29","guid":{"rendered":"http:\/\/soylemez.com\/iletisim\/"},"modified":"2017-02-26T22:29:50","modified_gmt":"2017-02-26T19:29:50","slug":"iletisim","status":"publish","type":"page","link":"http:\/\/soylemez.com\/en\/iletisim\/","title":{"rendered":"Contact"},"content":{"rendered":"<p>[vc_row][vc_column][vc_row_inner][vc_column_inner width=&#8221;2\/3&#8243;][vc_column_text]<\/p>\n<p style=\"text-align: left;\" align=\"center\"><strong>Address:<\/strong><\/p>\n<hr \/>\n<p style=\"text-align: left;\" align=\"center\">\u0130T\u00dc Elektrik-Elektronik Fak\u00fcltesi<br \/>\nKontrol ve Otomasyon M\u00fch. B\u00f6l.<br \/>\n34469\u00a0\u00a0\u00a0\u00a0\u00a0 Maslak\/ISTANBUL<br \/>\nTURKEY<\/p>\n<p>&nbsp;<\/p>\n<p><strong>Telephone:<\/strong><\/p>\n<hr \/>\n<p><span style=\"font-family: book antiqua,times new roman,times;\">+90 &#8211; 212 &#8211; 285 35 70<\/span><\/p>\n<p>&nbsp;<\/p>\n<p><strong>E-Mail<\/strong><\/p>\n<hr \/>\n<p>soylemezm@itu.edu.tr[\/vc_column_text][\/vc_column_inner][vc_column_inner width=&#8221;1\/3&#8243; css=&#8221;.vc_custom_1477210404556{margin-top: 50px !important;}&#8221;][vc_column_text]<\/p>\n<style>@import url(https:\/\/fonts.googleapis.com\/css?family=Open+Sans);<\/style>\n<div class=\"hover-cols\">\n<li class=\"hover_effects_li\" style=\"margin: 0 15px 26px;\">\n<div class=\"ih-item circle effect1\" style=\"width:216px; height:216px;background:\"><a target=\"Array\" href=\"http:\/\/rehber.itu.edu.tr\/\"><\/p>\n<div class=\"spinner\"><\/div>\n<div class=\"img\" style=\"box-shadow:none; width:216px; height:216px;\"><img decoding=\"async\" src=\"http:\/\/soylemez.com\/wp-content\/uploads\/2016\/10\/phone-book-md.png\"><\/div>\n<div class=\"info\" style=\"background:\">\n<div class=\"info-back\" >\n<h3 style=\"letter-spacing: 0px; margin-top: 0px; font-family: Open+Sans; font-size: 16px; color:#fff;\">\u0130T\u00dc Yellow Book<\/h3>\n<p style=\"font-family: Open+Sans; border-top: ; font-size: 12px; color:#fff;\">\u0130T\u00dc Phone Book<\/p>\n<\/p><\/div>\n<\/div>\n<p><\/a><\/div>\n<\/li>\n<\/div>\n<style>.hover-cols {\n                  text-align: center;\n                }.hover_effects_li {\n                  float: none !important;\n                  display: inline-block !important;\n                }<\/style>\n<p>[\/vc_column_text][\/vc_column_inner][\/vc_row_inner][\/vc_column][\/vc_row][vc_row][vc_column][vc_gmaps link=&#8221;#E-8_JTNDaWZyYW1lJTIwc3JjJTNEJTIyaHR0cHMlM0ElMkYlMkZ3d3cuZ29vZ2xlLmNvbSUyRm1hcHMlMkZlbWJlZCUzRnBiJTNEJTIxMW0xNCUyMTFtOCUyMTFtMyUyMTFkMTIwMjQuNTA0NDc0MDUyNjU1JTIxMmQyOS4wNDE3NDUwNzI1Mjg1ODUlMjEzZDQxLjEwOTkzNjYwNzQ1MDg1JTIxM20yJTIxMWkxMDI0JTIxMmk3NjglMjE0ZjEzLjElMjEzbTMlMjExbTIlMjExczB4MCUyNTNBMHhjZmU2MzY3YjU3NjEyZmFiJTIxMnMlMjVDNCUyNUIwVCUyNUMzJTI1OUMlMkJFbGVrdHJpayUyQkVsZWt0cm9uaWslMkJGYWslMjVDMyUyNUJDbHRlc2klMjE1ZTAlMjEzbTIlMjExc3RyJTIxMnN0ciUyMTR2MTQ3NzE3MDQzMTE1OCUyMiUyMHdpZHRoJTNEJTIyNjAwJTIyJTIwaGVpZ2h0JTNEJTIyNDUwJTIyJTIwZnJhbWVib3JkZXIlM0QlMjIwJTIyJTIwc3R5bGUlM0QlMjJib3JkZXIlM0EwJTIyJTIwYWxsb3dmdWxsc2NyZWVuJTNFJTNDJTJGaWZyYW1lJTNF&#8221; size=&#8221;300&#8243;][\/vc_column][\/vc_row]<\/p>\n","protected":false},"excerpt":{"rendered":"<p>[vc_row][vc_column][vc_row_inner][vc_column_inner width=&#8221;2\/3&#8243;][vc_column_text] Address: \u0130T\u00dc Elektrik-Elektronik Fak\u00fcltesi Kontrol ve Otomasyon M\u00fch. B\u00f6l. 34469\u00a0\u00a0\u00a0\u00a0\u00a0 Maslak\/ISTANBUL TURKEY &nbsp; Telephone: +90 &#8211; 212 &#8211; [&hellip;]<\/p>\n","protected":false},"author":1,"featured_media":0,"parent":0,"menu_order":0,"comment_status":"closed","ping_status":"closed","template":"","meta":{"footnotes":""},"class_list":["post-657","page","type-page","status-publish","hentry"],"acf":[],"aioseo_notices":[],"_links":{"self":[{"href":"http:\/\/soylemez.com\/en\/wp-json\/wp\/v2\/pages\/657","targetHints":{"allow":["GET"]}}],"collection":[{"href":"http:\/\/soylemez.com\/en\/wp-json\/wp\/v2\/pages"}],"about":[{"href":"http:\/\/soylemez.com\/en\/wp-json\/wp\/v2\/types\/page"}],"author":[{"embeddable":true,"href":"http:\/\/soylemez.com\/en\/wp-json\/wp\/v2\/users\/1"}],"replies":[{"embeddable":true,"href":"http:\/\/soylemez.com\/en\/wp-json\/wp\/v2\/comments?post=657"}],"version-history":[{"count":1,"href":"http:\/\/soylemez.com\/en\/wp-json\/wp\/v2\/pages\/657\/revisions"}],"predecessor-version":[{"id":658,"href":"http:\/\/soylemez.com\/en\/wp-json\/wp\/v2\/pages\/657\/revisions\/658"}],"wp:attachment":[{"href":"http:\/\/soylemez.com\/en\/wp-json\/wp\/v2\/media?parent=657"}],"curies":[{"name":"wp","href":"https:\/\/api.w.org\/{rel}","templated":true}]}}